{"id":895,"date":"2022-07-07T14:04:26","date_gmt":"2022-07-07T19:04:26","guid":{"rendered":"http:\/\/hospitaltarapoto.gob.pe\/nuevo\/?page_id=895"},"modified":"2022-07-07T14:04:27","modified_gmt":"2022-07-07T19:04:27","slug":"control-interno","status":"publish","type":"page","link":"https:\/\/hospitaltarapoto.gob.pe\/nuevo\/control-interno\/","title":{"rendered":"CONTROL INTERNO"},"content":{"rendered":"<p>[et_pb_section fb_built=\u00bb1&#8243; fullwidth=\u00bbon\u00bb _builder_version=\u00bb4.16&#8243; background_color=\u00bb#2ea3f2&#8243; use_background_color_gradient=\u00bbon\u00bb background_color_gradient_direction=\u00bb330deg\u00bb background_color_gradient_stops=\u00bb#2ea3f2 0%|#2e6df4 100%\u00bb background_color_gradient_start=\u00bb#2ea3f2&#8243; background_color_gradient_end=\u00bb#2e6df4&#8243; global_colors_info=\u00bb{}\u00bb _module_preset=\u00bbdefault\u00bb theme_builder_area=\u00bbpost_content\u00bb][et_pb_fullwidth_image src=\u00bbhttps:\/\/hospitaltarapoto.gob.pe\/nuevo\/wp-content\/uploads\/2022\/07\/CONTROLINTERNO.jpg\u00bb _builder_version=\u00bb4.17.4&#8243; _module_preset=\u00bbdefault\u00bb theme_builder_area=\u00bbpost_content\u00bb title_text=\u00bbCONTROLINTERNO\u00bb module_alignment=\u00bbcenter\u00bb hover_enabled=\u00bb0&#8243; sticky_enabled=\u00bb0&#8243;][\/et_pb_fullwidth_image][\/et_pb_section][et_pb_section fb_built=\u00bb1&#8243; _builder_version=\u00bb4.16&#8243; global_colors_info=\u00bb{}\u00bb _module_preset=\u00bbdefault\u00bb theme_builder_area=\u00bbpost_content\u00bb][et_pb_row _builder_version=\u00bb4.17.4&#8243; background_size=\u00bbinitial\u00bb background_position=\u00bbtop_left\u00bb background_repeat=\u00bbrepeat\u00bb hover_enabled=\u00bb0&#8243; global_colors_info=\u00bb{}\u00bb _module_preset=\u00bbdefault\u00bb theme_builder_area=\u00bbpost_content\u00bb sticky_enabled=\u00bb0&#8243;][et_pb_column type=\u00bb4_4&#8243; _builder_version=\u00bb4.16&#8243; custom_padding=\u00bb|||\u00bb global_colors_info=\u00bb{}\u00bb custom_padding__hover=\u00bb|||\u00bb _module_preset=\u00bbdefault\u00bb theme_builder_area=\u00bbpost_content\u00bb][et_pb_text _builder_version=\u00bb4.17.4&#8243; background_size=\u00bbinitial\u00bb background_position=\u00bbtop_left\u00bb background_repeat=\u00bbrepeat\u00bb hover_enabled=\u00bb0&#8243; global_colors_info=\u00bb{}\u00bb _module_preset=\u00bbdefault\u00bb theme_builder_area=\u00bbpost_content\u00bb sticky_enabled=\u00bb0&#8243;]<\/p>\n<h2>\u00bf Que es el Control Interno?<\/h2>\n<p>Es el conjunto de acciones, actividades, planes, pol\u00edticas, normas, registros, organizaci\u00f3n, procedimientos y m\u00e9todos, incluyendo las actitudes de las autoridades y el personal, organizadas e instituidas en cada entidad del Estado, que contribuyen al cumplimiento de los objetivos institucionales y promueven una gesti\u00f3n eficaz, eficiente, \u00e9tica y transparente.[\/et_pb_text][\/et_pb_column][\/et_pb_row][et_pb_row _builder_version=\u00bb4.17.4&#8243; background_size=\u00bbinitial\u00bb background_position=\u00bbtop_left\u00bb background_repeat=\u00bbrepeat\u00bb hover_enabled=\u00bb0&#8243; global_colors_info=\u00bb{}\u00bb _module_preset=\u00bbdefault\u00bb theme_builder_area=\u00bbpost_content\u00bb sticky_enabled=\u00bb0&#8243;][et_pb_column type=\u00bb4_4&#8243; _builder_version=\u00bb4.16&#8243; custom_padding=\u00bb|||\u00bb global_colors_info=\u00bb{}\u00bb custom_padding__hover=\u00bb|||\u00bb _module_preset=\u00bbdefault\u00bb theme_builder_area=\u00bbpost_content\u00bb][et_pb_text _builder_version=\u00bb4.17.4&#8243; background_size=\u00bbinitial\u00bb background_position=\u00bbtop_left\u00bb background_repeat=\u00bbrepeat\u00bb hover_enabled=\u00bb0&#8243; global_colors_info=\u00bb{}\u00bb _module_preset=\u00bbdefault\u00bb theme_builder_area=\u00bbpost_content\u00bb sticky_enabled=\u00bb0&#8243;]<\/p>\n<h2>Objetivos de la Implementaci\u00f3n del Sistema de Control Interno<\/h2>\n<ul>\n<li>Cuidar y resguardar los recursos y bienes del Estado, contra todo hecho irregular o situaci\u00f3n perjudicial que pudiera afectarlos.<\/li>\n<li>Garantizar la confiabilidad y oportunidad de la informaci\u00f3n.<\/li>\n<li>Promover que los funcionarios y servidores del Estado cumplan con rendir cuentas por los fondos y bienes p\u00fablicos que administra.<\/li>\n<li>Promover y optimizar, la eficiencia, eficacia, \u00e9tica, transparencia y econom\u00eda de las operaciones de la entidad, y la calidad de los servicios p\u00fablicos que presta.<br \/>Cumplir la normatividad aplicable a la entidad y sus operaciones<\/li>\n<li>Fomentar e impulsar la pr\u00e1ctica de valores institucionales.<\/li>\n<\/ul>\n<p>[\/et_pb_text][\/et_pb_column][\/et_pb_row][et_pb_row _builder_version=\u00bb4.17.4&#8243; _module_preset=\u00bbdefault\u00bb theme_builder_area=\u00bbpost_content\u00bb][et_pb_column _builder_version=\u00bb4.17.4&#8243; _module_preset=\u00bbdefault\u00bb type=\u00bb4_4&#8243; theme_builder_area=\u00bbpost_content\u00bb][et_pb_text _builder_version=\u00bb4.17.4&#8243; _module_preset=\u00bbdefault\u00bb theme_builder_area=\u00bbpost_content\u00bb hover_enabled=\u00bb0&#8243; sticky_enabled=\u00bb0&#8243; text_font_size=\u00bb26px\u00bb text_text_color=\u00bb#000000&#8243;]Clasificaci\u00f3n de Entidades para la Implementaci\u00f3n del Sistema de Control Interno seg\u00fan nivel de gobierno y poblaci\u00f3n[\/et_pb_text][\/et_pb_column][\/et_pb_row][et_pb_row _builder_version=\u00bb4.17.4&#8243; background_size=\u00bbinitial\u00bb background_position=\u00bbtop_left\u00bb background_repeat=\u00bbrepeat\u00bb hover_enabled=\u00bb0&#8243; global_colors_info=\u00bb{}\u00bb _module_preset=\u00bbdefault\u00bb column_structure=\u00bb1_3,1_3,1_3&#8243; theme_builder_area=\u00bbpost_content\u00bb sticky_enabled=\u00bb0&#8243;][et_pb_column type=\u00bb1_3&#8243; _builder_version=\u00bb4.16&#8243; custom_padding=\u00bb|||\u00bb global_colors_info=\u00bb{}\u00bb custom_padding__hover=\u00bb|||\u00bb _module_preset=\u00bbdefault\u00bb theme_builder_area=\u00bbpost_content\u00bb][et_pb_blurb title=\u00bbGrupo 1&#8243; _builder_version=\u00bb4.17.4&#8243; _module_preset=\u00bbdefault\u00bb theme_builder_area=\u00bbpost_content\u00bb hover_enabled=\u00bb0&#8243; sticky_enabled=\u00bb0&#8243;]<\/p>\n<p><strong>Nacional:<\/strong> Poderes del Estado, Ministerios, Organismos Constitucionalmente Aut\u00f3nomos, Empresas p\u00fablicas, as\u00ed como sus entidades adscritas y ejecutoras.<br \/><strong>Regional:<\/strong> Sede central de los Gobiernos Regionales.<br \/><strong>Local:<\/strong> Municipalidades de Lima Metropolitana, Municipalidad Provincial del Callao y sus municipalidades distritales, as\u00ed como sus entidades adscritas<\/p>\n<p>[\/et_pb_blurb][\/et_pb_column][et_pb_column type=\u00bb1_3&#8243; _builder_version=\u00bb4.16&#8243; custom_padding=\u00bb|||\u00bb global_colors_info=\u00bb{}\u00bb custom_padding__hover=\u00bb|||\u00bb _module_preset=\u00bbdefault\u00bb theme_builder_area=\u00bbpost_content\u00bb][et_pb_blurb title=\u00bbGrupo 2&#8243; _builder_version=\u00bb4.17.4&#8243; _module_preset=\u00bbdefault\u00bb theme_builder_area=\u00bbpost_content\u00bb hover_enabled=\u00bb0&#8243; sticky_enabled=\u00bb0&#8243;]<\/p>\n<p><strong>Regional:<\/strong> Direcciones regionales, unidades ejecutoras y empresas. Ejemplo: Hospitales Regionales, UGEL.<br \/><strong>Local:<\/strong> Municipalidades provinciales de tipo A y B*, municipalidades distritales de tipo D y E*, y entidades adscritas con excepci\u00f3n de las municipalidades comprendidas dentro del Grupo 1.<br \/><strong>Ejemplo:<\/strong> empresas p\u00fablicas, Sociedades de Beneficencia, entre otras.<\/p>\n<p>[\/et_pb_blurb][\/et_pb_column][et_pb_column type=\u00bb1_3&#8243; _builder_version=\u00bb4.16&#8243; custom_padding=\u00bb|||\u00bb global_colors_info=\u00bb{}\u00bb custom_padding__hover=\u00bb|||\u00bb _module_preset=\u00bbdefault\u00bb theme_builder_area=\u00bbpost_content\u00bb][et_pb_blurb title=\u00bbGrupo 3&#8243; _builder_version=\u00bb4.17.4&#8243; _module_preset=\u00bbdefault\u00bb theme_builder_area=\u00bbpost_content\u00bb hover_enabled=\u00bb0&#8243; sticky_enabled=\u00bb0&#8243;]<\/p>\n<p><strong>Local:<\/strong> Las Municipalidades distritales de tipo F y G*, as\u00ed como las entidades adscritas a estas municipalidades..<\/p>\n<p>[\/et_pb_blurb][\/et_pb_column][\/et_pb_row][\/et_pb_section][et_pb_section fb_built=\u00bb1&#8243; _builder_version=\u00bb4.16&#8243; background_color=\u00bb#f7f7f7&#8243; background_color_gradient_direction=\u00bb330deg\u00bb global_colors_info=\u00bb{}\u00bb _module_preset=\u00bbdefault\u00bb theme_builder_area=\u00bbpost_content\u00bb][et_pb_row _builder_version=\u00bb4.16&#8243; background_size=\u00bbinitial\u00bb background_position=\u00bbtop_left\u00bb background_repeat=\u00bbrepeat\u00bb global_colors_info=\u00bb{}\u00bb _module_preset=\u00bbdefault\u00bb column_structure=\u00bb1_2,1_2&#8243; theme_builder_area=\u00bbpost_content\u00bb][et_pb_column type=\u00bb1_2&#8243; _builder_version=\u00bb4.16&#8243; custom_padding=\u00bb10%|||\u00bb global_colors_info=\u00bb{}\u00bb custom_padding__hover=\u00bb|||\u00bb _module_preset=\u00bbdefault\u00bb theme_builder_area=\u00bbpost_content\u00bb][et_pb_text _builder_version=\u00bb4.17.4&#8243; text_font=\u00bb||||||||\u00bb background_size=\u00bbinitial\u00bb background_position=\u00bbtop_left\u00bb background_repeat=\u00bbrepeat\u00bb hover_enabled=\u00bb0&#8243; global_colors_info=\u00bb{}\u00bb _module_preset=\u00bbdefault\u00bb theme_builder_area=\u00bbpost_content\u00bb sticky_enabled=\u00bb0&#8243;]<\/p>\n<h1>Entidades Obligadas<\/h1>\n<p>[\/et_pb_text][et_pb_blurb use_icon=\u00bbon\u00bb font_icon=\u00bb&#x5a;||divi||400&#8243; icon_color=\u00bb#2ea3f2&#8243; icon_placement=\u00bbleft\u00bb _builder_version=\u00bb4.17.4&#8243; background_size=\u00bbinitial\u00bb background_position=\u00bbtop_left\u00bb background_repeat=\u00bbrepeat\u00bb animation=\u00bbright\u00bb hover_enabled=\u00bb0&#8243; global_colors_info=\u00bb{}\u00bb _module_preset=\u00bbdefault\u00bb theme_builder_area=\u00bbpost_content\u00bb sticky_enabled=\u00bb0&#8243;]\u00bfQU\u00c9 ENTIDADES DEL ESTADO DEBEN IMPLEMENTAR EL SISTEMA DE CONTROL INTERNO CON LA DIRECTIVA N\u00b0 006-2019-CG\/INTEG?[\/et_pb_blurb][\/et_pb_column][et_pb_column type=\u00bb1_2&#8243; _builder_version=\u00bb4.16&#8243; custom_padding=\u00bb|||\u00bb global_colors_info=\u00bb{}\u00bb custom_padding__hover=\u00bb|||\u00bb _module_preset=\u00bbdefault\u00bb theme_builder_area=\u00bbpost_content\u00bb][et_pb_image src=\u00bbhttps:\/\/hospitaltarapoto.gob.pe\/nuevo\/wp-content\/uploads\/2022\/07\/Entidades.jpg\u00bb align_tablet=\u00bbcenter\u00bb align_last_edited=\u00bbon|desktop\u00bb _builder_version=\u00bb4.17.4&#8243; animation_style=\u00bbslide\u00bb animation_direction=\u00bbleft\u00bb animation_duration=\u00bb500ms\u00bb animation_intensity_slide=\u00bb10%\u00bb hover_enabled=\u00bb0&#8243; animation=\u00bbleft\u00bb global_colors_info=\u00bb{}\u00bb _module_preset=\u00bbdefault\u00bb theme_builder_area=\u00bbpost_content\u00bb title_text=\u00bbEntidades\u00bb sticky_enabled=\u00bb0&#8243; align_phone=\u00bbcenter\u00bb][\/et_pb_image][\/et_pb_column][\/et_pb_row][\/et_pb_section][et_pb_section fb_built=\u00bb1&#8243; _builder_version=\u00bb4.16&#8243; global_colors_info=\u00bb{}\u00bb _module_preset=\u00bbdefault\u00bb theme_builder_area=\u00bbpost_content\u00bb][et_pb_row _builder_version=\u00bb4.17.4&#8243; background_size=\u00bbinitial\u00bb background_position=\u00bbtop_left\u00bb background_repeat=\u00bbrepeat\u00bb hover_enabled=\u00bb0&#8243; global_colors_info=\u00bb{}\u00bb _module_preset=\u00bbdefault\u00bb theme_builder_area=\u00bbpost_content\u00bb sticky_enabled=\u00bb0&#8243; max_width=\u00bb50%\u00bb][et_pb_column type=\u00bb4_4&#8243; _builder_version=\u00bb4.16&#8243; custom_padding=\u00bb|||\u00bb global_colors_info=\u00bb{}\u00bb custom_padding__hover=\u00bb|||\u00bb _module_preset=\u00bbdefault\u00bb theme_builder_area=\u00bbpost_content\u00bb][et_pb_text _builder_version=\u00bb4.17.4&#8243; _module_preset=\u00bbdefault\u00bb theme_builder_area=\u00bbpost_content\u00bb hover_enabled=\u00bb0&#8243; sticky_enabled=\u00bb0&#8243;]<\/p>\n<h2>NORMATIVA<\/h2>\n<p>En esta secci\u00f3n se muestra la normativa emitida con relaci\u00f3n al Control Interno y que es de aplicaci\u00f3n para todas las entidades p\u00fablicas.<\/p>\n<p>[\/et_pb_text][et_pb_tabs _builder_version=\u00bb4.17.4&#8243; _module_preset=\u00bbdefault\u00bb theme_builder_area=\u00bbpost_content\u00bb hover_enabled=\u00bb0&#8243; sticky_enabled=\u00bb0&#8243;][et_pb_tab title=\u00bb2020&#8243; _builder_version=\u00bb4.17.4&#8243; _module_preset=\u00bbdefault\u00bb theme_builder_area=\u00bbpost_content\u00bb hover_enabled=\u00bb0&#8243; sticky_enabled=\u00bb0&#8243;]RC N\u00b0 130-2020-CG, MODIFICA LA DIRECTIVA N\u00b0 006-2019-CG\/INTEG \u00abIMPLEMENTACI\u00d3N DEL SISTEMA DE CONTROL INTERNO EN LAS ENTIDADES DEL ESTADO\u00bb Y LA DIRECTIVA N\u00b0 011-2019-CG\/INTEG \u00abIMPLEMENTACI\u00d3N DEL SISTEMA DE CONTROL INTERNO EN EL BANCO CENTRAL DE RESERVA DEL PER\u00da, PETROPER\u00da SA, SUPERINTENDENCIA DE BANCA, SEGUROS Y AFP, FONDO NACIONAL DE FINANCIAMIENTO DE LA ACTIVIDAD EMPRESARIAL DEL ESTADO Y ENTIDADES QUE SE ENCUENTRAN BAJO LA SUPERVISI\u00d3N DE AMBAS\u00bb.[\/et_pb_tab][et_pb_tab title=\u00bb2019&#8243; _builder_version=\u00bb4.17.4&#8243; _module_preset=\u00bbdefault\u00bb theme_builder_area=\u00bbpost_content\u00bb hover_enabled=\u00bb0&#8243; sticky_enabled=\u00bb0&#8243;]LA CONTRALOR\u00cdA RC N\u00b0 N\u00b0 146-2019-CG, APRUEBA LA DIRECTIVA N\u00b0 006-2019-CG\/INTEG \u00abIMPLEMENTACI\u00d3N DEL SISTEMA DE CONTROL INTERNO EN LAS ENTIDADES DEL ESTADO\u00bb. APLICABLES PARA TODAS LAS ENTIDADES DEL ESTADO, CON EXCEPCI\u00d3N DEL FONAFE, SBS Y LAS ENTIDADES QUE SE ENCUENTREN BAJO LA SUPERVISI\u00d3N DE AMBAS ENTIDADES.<\/p>\n<p>NORMATIVA GENERAL<br \/>\nLEGISLATIVO \/ EJECUTIVO LEY N\u00b030879, LEY DE PRESUPUESTO DEL SECTOR P\u00daBLICO PARA EL A\u00d1O FISCAL 2019 (CENT\u00c9SIMA VIG\u00c9SIMA SEGUNDA DISPOSICI\u00d3N COMPLEMENTARIA FINAL).<\/p>\n<p>2019 LA CONTRALOR\u00cdA \u201cINAPLICABLE\u201d RC N\u00b0 490-2017-CG, ESTABLECER QUE RIGE PARA TODOS LOS EFECTOS EL PLAZO ESTABLECIDO EN LA QUINCUAG\u00c9SIMA TERCERA DISPOSICI\u00d3N COMPLEMENTARIA FINAL DE LA LEY N\u00b0 30372.[\/et_pb_tab][et_pb_tab title=\u00bb2018&#8243; _builder_version=\u00bb4.17.4&#8243; _module_preset=\u00bbdefault\u00bb theme_builder_area=\u00bbpost_content\u00bb hover_enabled=\u00bb0&#8243; sticky_enabled=\u00bb0&#8243;]LA CONTRALOR\u00cdA \u00abDEROGADO\u00bb RC N\u00b0 004-2017-CG, APRUEBA LA GU\u00cdA PARA LA IMPLEMENTACI\u00d3N Y FORTALECIMIENTO DEL SISTEMA DE CONTROL INTERNO EN LAS ENTIDADES DEL ESTADO\u00bb.[\/et_pb_tab][et_pb_tab title=\u00bb2016&#8243; _builder_version=\u00bb4.17.4&#8243; _module_preset=\u00bbdefault\u00bb theme_builder_area=\u00bbpost_content\u00bb hover_enabled=\u00bb0&#8243; sticky_enabled=\u00bb0&#8243;]LEGISLATIVO\/EJECUTIVO<br \/>\n\u201cINAPLICABLE\u201d LEY N\u00b0 30372, LEY DE PRESUPUESTO DEL SECTOR P\u00daBLICO PARA EL A\u00d1O FISCAL 2016 (QUINCUAG\u00c9SIMA TERCERA DISPOSICI\u00d3N COMPLEMENTARIA FINAL).[\/et_pb_tab][et_pb_tab title=\u00bb2015&#8243; _builder_version=\u00bb4.17.4&#8243; _module_preset=\u00bbdefault\u00bb theme_builder_area=\u00bbpost_content\u00bb hover_enabled=\u00bb0&#8243; sticky_enabled=\u00bb0&#8243;]LEGISLATIVO\/EJECUTIVO<br \/>\nLEY N\u00b0 29743, LEY QUE MODIFICA EL ART\u00cdCULO 10 DE LA LEY 28716.[\/et_pb_tab][et_pb_tab title=\u00bb2011&#8243; _builder_version=\u00bb4.17.4&#8243; _module_preset=\u00bbdefault\u00bb theme_builder_area=\u00bbpost_content\u00bb hover_enabled=\u00bb0&#8243; sticky_enabled=\u00bb0&#8243;]EJECUTIVO<br \/>\nDU N\u00b0 067-2009 DECRETO DE URGENCIA QUE MODIFICA EL ART\u00cdCULO 10 DE LA LEY 28716.[\/et_pb_tab][et_pb_tab title=\u00bb2008-2009&#8243; _builder_version=\u00bb4.17.4&#8243; _module_preset=\u00bbdefault\u00bb theme_builder_area=\u00bbpost_content\u00bb hover_enabled=\u00bb0&#8243; sticky_enabled=\u00bb0&#8243;]LA CONTRALOR\u00cdA<br \/>\n\u00abDEROGADO\u00bb RC N\u00b0 458-2008-CG GU\u00cdA PARA LA IMPLEMENTACI\u00d3N DEL SCI DE LAS ENTIDADES DEL ESTADO.<\/p>\n<p>2008<br \/>\nLA CONTRALOR\u00cdA | \u00abRC N\u00b0 320-2006-CG NORMAS DE CONTROL INTERNO.<\/p>\n<p>LEGISLATIVO\/EJECUTIVO | \u00abLEY N\u00b0 28716 LEY DE CONTROL INTERNO DE LAS ENTIDADES DEL ESTADO\u00bb.[\/et_pb_tab][\/et_pb_tabs][\/et_pb_column][\/et_pb_row][\/et_pb_section][et_pb_section fb_built=\u00bb1&#8243; _builder_version=\u00bb4.16&#8243; background_color=\u00bb#f7f7f7&#8243; global_colors_info=\u00bb{}\u00bb _module_preset=\u00bbdefault\u00bb theme_builder_area=\u00bbpost_content\u00bb][et_pb_row _builder_version=\u00bb4.17.4&#8243; background_size=\u00bbinitial\u00bb background_position=\u00bbtop_left\u00bb background_repeat=\u00bbrepeat\u00bb hover_enabled=\u00bb0&#8243; global_colors_info=\u00bb{}\u00bb _module_preset=\u00bbdefault\u00bb theme_builder_area=\u00bbpost_content\u00bb sticky_enabled=\u00bb0&#8243;][et_pb_column type=\u00bb4_4&#8243; _builder_version=\u00bb4.16&#8243; custom_padding=\u00bb|||\u00bb global_colors_info=\u00bb{}\u00bb custom_padding__hover=\u00bb|||\u00bb _module_preset=\u00bbdefault\u00bb theme_builder_area=\u00bbpost_content\u00bb][et_pb_text _builder_version=\u00bb4.17.4&#8243; _module_preset=\u00bbdefault\u00bb theme_builder_area=\u00bbpost_content\u00bb text_font_size=\u00bb26px\u00bb text_text_color=\u00bb#000000&#8243; hover_enabled=\u00bb0&#8243; sticky_enabled=\u00bb0&#8243;]<\/p>\n<p style=\"text-align: center;\">RESPONSABLES<\/p>\n<p>[\/et_pb_text][\/et_pb_column][\/et_pb_row][et_pb_row _builder_version=\u00bb4.17.4&#8243; background_size=\u00bbinitial\u00bb background_position=\u00bbtop_left\u00bb background_repeat=\u00bbrepeat\u00bb hover_enabled=\u00bb0&#8243; global_colors_info=\u00bb{}\u00bb _module_preset=\u00bbdefault\u00bb column_structure=\u00bb1_2,1_2&#8243; theme_builder_area=\u00bbpost_content\u00bb sticky_enabled=\u00bb0&#8243;][et_pb_column type=\u00bb1_2&#8243; _builder_version=\u00bb4.16&#8243; custom_padding=\u00bb|||\u00bb global_colors_info=\u00bb{}\u00bb custom_padding__hover=\u00bb|||\u00bb _module_preset=\u00bbdefault\u00bb theme_builder_area=\u00bbpost_content\u00bb][et_pb_blurb image=\u00bbhttps:\/\/hospitaltarapoto.gob.pe\/nuevo\/wp-content\/uploads\/2022\/07\/Unidad_Organica.jpg\u00bb _builder_version=\u00bb4.17.4&#8243; _module_preset=\u00bbdefault\u00bb theme_builder_area=\u00bbpost_content\u00bb title_text=\u00bbUnidad_Organica\u00bb hover_enabled=\u00bb0&#8243; sticky_enabled=\u00bb0&#8243;]<\/p>\n<p style=\"text-align: justify;\">El Gobierno Nacional, la Secretar\u00eda General o la que haga sus veces. En Gobierno Regional, la Gerencia Regional o la que haga sus veces. En Gobierno Local, la Gerencia Municipal o la que haga sus veces. En otras entidades, la m\u00e1xima autoridad administrativa institucional. Coordina la planificaci\u00f3n, ejecuci\u00f3n, seguimiento y evaluaci\u00f3n del Sistema de Control Interno<\/p>\n<p>[\/et_pb_blurb][\/et_pb_column][et_pb_column type=\u00bb1_2&#8243; _builder_version=\u00bb4.16&#8243; custom_padding=\u00bb|||\u00bb global_colors_info=\u00bb{}\u00bb custom_padding__hover=\u00bb|||\u00bb _module_preset=\u00bbdefault\u00bb theme_builder_area=\u00bbpost_content\u00bb][et_pb_blurb image=\u00bbhttps:\/\/hospitaltarapoto.gob.pe\/nuevo\/wp-content\/uploads\/2022\/07\/Unidad_Organica_2.jpg\u00bb _builder_version=\u00bb4.17.4&#8243; _module_preset=\u00bbdefault\u00bb theme_builder_area=\u00bbpost_content\u00bb title_text=\u00bbUnidad_Organica_2&#8243; hover_enabled=\u00bb0&#8243; sticky_enabled=\u00bb0&#8243;]<\/p>\n<p style=\"text-align: justify;\">Responsables del dise\u00f1o o ejecuci\u00f3n de los productos misionales priorizados y \u00e1reas de soporte relevantes (planificaci\u00f3n, presupuesto, log\u00edstica, contrataciones, recursos humanos, comunicaciones, integridad p\u00fablica, entre otros). Participan acorde a sus competencias y funciones.<\/p>\n<p>[\/et_pb_blurb][\/et_pb_column][\/et_pb_row][\/et_pb_section]<\/p>\n","protected":false},"excerpt":{"rendered":"<p>\u00bf Que es el Control Interno? Es el conjunto de acciones, actividades, planes, pol\u00edticas, normas, registros, organizaci\u00f3n, procedimientos y m\u00e9todos, incluyendo las actitudes de las autoridades y el personal, organizadas e instituidas en cada entidad del Estado, que contribuyen al cumplimiento de los objetivos institucionales y promueven una gesti\u00f3n eficaz, eficiente, \u00e9tica y transparente.Objetivos de [&hellip;]<\/p>\n","protected":false},"author":1,"featured_media":0,"parent":0,"menu_order":0,"comment_status":"closed","ping_status":"closed","template":"","meta":{"_et_pb_use_builder":"on","_et_pb_old_content":"","_et_gb_content_width":"","footnotes":""},"class_list":["post-895","page","type-page","status-publish","hentry"],"_links":{"self":[{"href":"https:\/\/hospitaltarapoto.gob.pe\/nuevo\/wp-json\/wp\/v2\/pages\/895","targetHints":{"allow":["GET"]}}],"collection":[{"href":"https:\/\/hospitaltarapoto.gob.pe\/nuevo\/wp-json\/wp\/v2\/pages"}],"about":[{"href":"https:\/\/hospitaltarapoto.gob.pe\/nuevo\/wp-json\/wp\/v2\/types\/page"}],"author":[{"embeddable":true,"href":"https:\/\/hospitaltarapoto.gob.pe\/nuevo\/wp-json\/wp\/v2\/users\/1"}],"replies":[{"embeddable":true,"href":"https:\/\/hospitaltarapoto.gob.pe\/nuevo\/wp-json\/wp\/v2\/comments?post=895"}],"version-history":[{"count":2,"href":"https:\/\/hospitaltarapoto.gob.pe\/nuevo\/wp-json\/wp\/v2\/pages\/895\/revisions"}],"predecessor-version":[{"id":903,"href":"https:\/\/hospitaltarapoto.gob.pe\/nuevo\/wp-json\/wp\/v2\/pages\/895\/revisions\/903"}],"wp:attachment":[{"href":"https:\/\/hospitaltarapoto.gob.pe\/nuevo\/wp-json\/wp\/v2\/media?parent=895"}],"curies":[{"name":"wp","href":"https:\/\/api.w.org\/{rel}","templated":true}]}}