{"id":823,"date":"2022-07-07T10:26:45","date_gmt":"2022-07-07T15:26:45","guid":{"rendered":"http:\/\/hospitaltarapoto.gob.pe\/nuevo\/?page_id=823"},"modified":"2022-07-07T10:41:16","modified_gmt":"2022-07-07T15:41:16","slug":"penalidades-aplicadas","status":"publish","type":"page","link":"https:\/\/hospitaltarapoto.gob.pe\/nuevo\/penalidades-aplicadas\/","title":{"rendered":"PENALIDADES APLICADAS"},"content":{"rendered":"<p>[et_pb_section fb_built=\u00bb1&#8243; _builder_version=\u00bb4.17.4&#8243; _module_preset=\u00bbdefault\u00bb global_colors_info=\u00bb{}\u00bb][et_pb_row _builder_version=\u00bb4.17.4&#8243; _module_preset=\u00bbdefault\u00bb hover_enabled=\u00bb0&#8243; global_colors_info=\u00bb{}\u00bb sticky_enabled=\u00bb0&#8243;][et_pb_column type=\u00bb4_4&#8243; _builder_version=\u00bb4.17.4&#8243; _module_preset=\u00bbdefault\u00bb global_colors_info=\u00bb{}\u00bb][et_pb_blurb title=\u00bbPENALIDADES APLICADAS\u00bb _builder_version=\u00bb4.17.4&#8243; _module_preset=\u00bbdefault\u00bb header_font=\u00bbMontserrat|700|||||||\u00bb header_text_color=\u00bb#0C71C3&#8243; header_font_size=\u00bb20px\u00bb body_font=\u00bbMontserrat||||||||\u00bb hover_enabled=\u00bb0&#8243; global_colors_info=\u00bb{}\u00bb sticky_enabled=\u00bb0&#8243; content_max_width=\u00bb100%\u00bb]<\/p>\n<p>la penalidad por mora se aplica de manera autom\u00e1tica ante el retraso injustificado del contratista en la ejecuci\u00f3n de la prestaci\u00f3n materia del contrato; para calcularse dicha penalidad se aplica una f\u00f3rmula que determina la penalidad por cada d\u00eda de atraso<\/p>\n\n<p>[\/et_pb_blurb][\/et_pb_column][\/et_pb_row][\/et_pb_section]<\/p>\n","protected":false},"excerpt":{"rendered":"<p>la penalidad por mora se aplica de manera autom\u00e1tica ante el retraso injustificado del contratista en la ejecuci\u00f3n de la prestaci\u00f3n materia del contrato; para calcularse dicha penalidad se aplica una f\u00f3rmula que determina la penalidad por cada d\u00eda de atraso <\/p>\n","protected":false},"author":1,"featured_media":0,"parent":0,"menu_order":0,"comment_status":"closed","ping_status":"closed","template":"","meta":{"_et_pb_use_builder":"on","_et_pb_old_content":"","_et_gb_content_width":"","footnotes":""},"class_list":["post-823","page","type-page","status-publish","hentry"],"_links":{"self":[{"href":"https:\/\/hospitaltarapoto.gob.pe\/nuevo\/wp-json\/wp\/v2\/pages\/823","targetHints":{"allow":["GET"]}}],"collection":[{"href":"https:\/\/hospitaltarapoto.gob.pe\/nuevo\/wp-json\/wp\/v2\/pages"}],"about":[{"href":"https:\/\/hospitaltarapoto.gob.pe\/nuevo\/wp-json\/wp\/v2\/types\/page"}],"author":[{"embeddable":true,"href":"https:\/\/hospitaltarapoto.gob.pe\/nuevo\/wp-json\/wp\/v2\/users\/1"}],"replies":[{"embeddable":true,"href":"https:\/\/hospitaltarapoto.gob.pe\/nuevo\/wp-json\/wp\/v2\/comments?post=823"}],"version-history":[{"count":4,"href":"https:\/\/hospitaltarapoto.gob.pe\/nuevo\/wp-json\/wp\/v2\/pages\/823\/revisions"}],"predecessor-version":[{"id":828,"href":"https:\/\/hospitaltarapoto.gob.pe\/nuevo\/wp-json\/wp\/v2\/pages\/823\/revisions\/828"}],"wp:attachment":[{"href":"https:\/\/hospitaltarapoto.gob.pe\/nuevo\/wp-json\/wp\/v2\/media?parent=823"}],"curies":[{"name":"wp","href":"https:\/\/api.w.org\/{rel}","templated":true}]}}